{"id":562,"date":"2019-02-04T08:25:14","date_gmt":"2019-02-04T08:25:14","guid":{"rendered":"http:\/\/localhost\/boldman\/boldman-theme\/?page_id=562"},"modified":"2026-01-05T13:57:14","modified_gmt":"2026-01-05T06:57:14","slug":"lien-he","status":"publish","type":"page","link":"https:\/\/letmecare.vn\/index.php\/lien-he","title":{"rendered":"Li\u00ean h\u1ec7"},"content":{"rendered":"<p>[vc_row tm_bgimagefixed=&#8221;&#8221; full_width=&#8221;stretch_row_content&#8221; css=&#8221;.vc_custom_1549254717163{padding-top: 0px !important;padding-bottom: 0px !important;}&#8221;][vc_column css=&#8221;.vc_custom_1549254413433{padding-right: 0px !important;padding-left: 0px !important;}&#8221;][vc_gmaps link=&#8221;#E-8_JTNDaWZyYW1lJTIwc3JjJTNEJTIyaHR0cHMlM0ElMkYlMkZ3d3cuZ29vZ2xlLmNvbSUyRm1hcHMlMkZlbWJlZCUzRnBiJTNEJTIxMW0xOCUyMTFtMTIlMjExbTMlMjExZDM5MTkuMjU1NzU5MDAzNDA4JTIxMmQxMDYuNjczNjgyMjc0NzUzNCUyMTNkMTAuNzkxNzEzMDU4OTEyMTUxJTIxMm0zJTIxMWYwJTIxMmYwJTIxM2YwJTIxM20yJTIxMWkxMDI0JTIxMmk3NjglMjE0ZjEzLjElMjEzbTMlMjExbTIlMjExczB4MzE3NTI5MmFhMTkzZmI1MyUyNTNBMHgzYTE0ZTlhM2YzZGE4YTYlMjEyek1qSTBJRWgxNGJ1emJtZ2dWc1NEYmlCQ3c2RnVhQ3dnVUdqR3NPRzduVzVuSURFeExDQlFhTU82SUU1b2RlRzZyVzRzSUZSb3c2QnVhQ0J3YU9HN2tTQkk0YnVUSUVOb3c2MGdUV2x1YUNBM01EQXdNREFzSUZacFpYUnVZVzAlMjE1ZTAlMjEzbTIlMjExc2VuJTIxMnMlMjE0djE3Njc1OTYyMTI5NTclMjE1bTIlMjExc2VuJTIxMnMlMjIlMjB3aWR0aCUzRCUyMjYwMCUyMiUyMGhlaWdodCUzRCUyMjQ1MCUyMiUyMHN0eWxlJTNEJTIyYm9yZGVyJTNBMCUzQiUyMiUyMGFsbG93ZnVsbHNjcmVlbiUzRCUyMiUyMiUyMGxvYWRpbmclM0QlMjJsYXp5JTIyJTIwcmVmZXJyZXJwb2xpY3klM0QlMjJuby1yZWZlcnJlci13aGVuLWRvd25ncmFkZSUyMiUzRSUzQyUyRmlmcmFtZSUzRQ==&#8221;][\/vc_column][\/vc_row][vc_row tm_bgimagefixed=&#8221;&#8221; full_width=&#8221;stretch_row&#8221; css=&#8221;.vc_custom_1550063964251{padding-top: 65px !important;padding-bottom: 155px !important;}&#8221; tm_responsive_css=&#8221;55639100|colbreak_no|||||||||colbreak_no|||||25px||115px||colbreak_no||||||||||colbreak_no|||||||||&#8221;][vc_column width=&#8221;7\/12&#8243; css=&#8221;.vc_custom_1550064056914{padding-right: 60px !important;}&#8221; tm_responsive_css=&#8221;63016091|colbreak_no|||||||||colbreak_no|||||||||colbreak_no||||||15px|40px|||colbreak_no|||||||||&#8221;]<div class=\"tm-element-heading-wrapper tm-heading-inner tm-element-align-left tm-seperator-solid tm-heading-style-vertical \"><section class=\"tm-vc_cta3-container\"><div class=\"tm-vc_general tm-vc_cta3 tm-cta3-only tm-vc_cta3-style-classic tm-vc_cta3-shape-rounded tm-vc_cta3-align-left tm-vc_cta3-color-transparent tm-vc_cta3-icon-size-md tm-vc_cta3-actions-no tm-cta3-with-desc\"><div class=\"tm-vc_cta3_content-container\"><div class=\"tm-vc_cta3-content\"><header class=\"tm-vc_cta3-content-header tm-wrap\"><div class=\"tm-vc_cta3-headers tm-wrap-cell\"><h4 class=\"tm-custom-heading \" >HouseCare<\/h4>\n<h2 class=\"tm-custom-heading \" >Li\u00ean h\u1ec7<\/h2>\n<\/div><\/header><div class=\"tm-cta3-content-wrapper\"><p>Ch\u00fang t\u00f4i lu\u00f4n mu\u1ed1n l\u1eafng nghe \u00fd ki\u1ebfn c\u1ee7a qu\u00fd kh\u00e1ch \u0111\u1ec3 c\u00f3 th\u1ec3 c\u1ea3i thi\u1ec7n d\u1ecbch v\u1ee5 t\u1ed1t h\u01a1n<\/p><\/div><\/div><\/div><\/div><\/section><\/div> <!-- .tm-element-heading-wrapper container --> [vc_row_inner][vc_column_inner]<div role=\"form\" class=\"wpcf7\" id=\"wpcf7-f577-o1\" lang=\"en-US\" dir=\"ltr\">\n<div class=\"screen-reader-response\"><p role=\"status\" aria-live=\"polite\" aria-atomic=\"true\"><\/p> <ul><\/ul><\/div>\n<form action=\"\/index.php\/wp-json\/wp\/v2\/pages\/562#wpcf7-f577-o1\" method=\"post\" class=\"wpcf7-form init\" novalidate=\"novalidate\" data-status=\"init\">\n<div style=\"display: none;\">\n<input type=\"hidden\" name=\"_wpcf7\" value=\"577\" \/>\n<input type=\"hidden\" name=\"_wpcf7_version\" value=\"5.4.2\" \/>\n<input type=\"hidden\" name=\"_wpcf7_locale\" value=\"en_US\" \/>\n<input type=\"hidden\" name=\"_wpcf7_unit_tag\" value=\"wpcf7-f577-o1\" \/>\n<input type=\"hidden\" name=\"_wpcf7_container_post\" value=\"0\" \/>\n<input type=\"hidden\" name=\"_wpcf7_posted_data_hash\" value=\"\" \/>\n<\/div>\n<div class=\"tm-commonform contactform-1\">\n<div class=\"row\">\n<div class=\"col-md-6\">\n<div class=\"field-group\"><i class=\"tm-skincolor ti-user\"><\/i><span class=\"wpcf7-form-control-wrap your-name\"><input type=\"text\" name=\"your-name\" value=\"\" size=\"40\" class=\"wpcf7-form-control wpcf7-text wpcf7-validates-as-required\" aria-required=\"true\" aria-invalid=\"false\" placeholder=\"H\u1ecd v\u00e0 t\u00ean\" \/><\/span><\/div>\n<\/div>\n<div class=\"col-md-6\">\n<div class=\"field-group\"><i class=\"tm-skincolor ti-mobile\"><\/i><span class=\"wpcf7-form-control-wrap your-phone\"><input type=\"text\" name=\"your-phone\" value=\"\" size=\"40\" class=\"wpcf7-form-control wpcf7-text wpcf7-validates-as-required\" aria-required=\"true\" aria-invalid=\"false\" placeholder=\"\u0110i\u1ec7n tho\u1ea1i\" \/><\/span><\/div>\n<\/div>\n<\/div>\n<div class=\"row\">\n<div class=\"col-md-6\">\n<div class=\"field-group\"><i class=\"tm-skincolor ti-email\"><\/i><span class=\"wpcf7-form-control-wrap your-email\"><input type=\"email\" name=\"your-email\" value=\"\" size=\"40\" class=\"wpcf7-form-control wpcf7-text wpcf7-email wpcf7-validates-as-required wpcf7-validates-as-email\" aria-required=\"true\" aria-invalid=\"false\" placeholder=\"Email\" \/><\/span><\/div>\n<\/div>\n<div class=\"col-md-6\">\n<div class=\"field-group\"><i class=\"tm-skincolor ti-location-pin\"><\/i><span class=\"wpcf7-form-control-wrap your-venue\"><input type=\"text\" name=\"your-venue\" value=\"\" size=\"40\" class=\"wpcf7-form-control wpcf7-text wpcf7-validates-as-required\" aria-required=\"true\" aria-invalid=\"false\" placeholder=\"\u0110\u1ecba ch\u1ec9\" \/><\/span><\/div>\n<\/div>\n<\/div>\n<div class=\"row\">\n<div class=\"col-md-12\">\n<div class=\"field-group\"><i class=\"tm-skincolor ti-comment\"><\/i><span class=\"wpcf7-form-control-wrap your-message\"><textarea name=\"your-message\" cols=\"40\" rows=\"1\" class=\"wpcf7-form-control wpcf7-textarea wpcf7-validates-as-required\" aria-required=\"true\" aria-invalid=\"false\" placeholder=\"Th\u00f4ng \u0111i\u1ec7p\"><\/textarea><\/span><\/div>\n<\/div>\n<\/div>\n<div><input type=\"submit\" value=\"G\u1edfi th\u00f4ng tin\" class=\"wpcf7-form-control wpcf7-submit tm-vc_general tm-vc_btn3 tm-vc_btn3-shape-square tm-vc_btn3-color-black tm-vc_btn3-style-outline\" \/>\n<div class=\"wpcf7-response-output\" aria-hidden=\"true\"><\/div>\n<\/div>\n<\/div>\n<\/form><\/div>[\/vc_column_inner][\/vc_row_inner][\/vc_column][vc_column tm_bgcolor=&#8221;white&#8221; tm_shadow=&#8221;yes&#8221; width=&#8221;5\/12&#8243; el_class=&#8221;tm-rounded-shadow-box&#8221;][vc_row_inner css=&#8221;.vc_custom_1550064129482{padding-top: 40px !important;padding-right: 50px !important;padding-bottom: 20px !important;padding-left: 50px !important;}&#8221; tm_responsive_css=&#8221;77368950|colbreak_no|||||||||colbreak_no|||||||||colbreak_no|||||25px|20px|5px|20px||colbreak_no|||||||||&#8221;][vc_column_inner]<h4 style=\"text-align:left;\" class=\"tm-custom-heading \" >\u0110\u1ecba ch\u1ec9<\/h4>\n<ul class=\"boldman_contact_widget_wrapper themetechmount_vc_contact_wrapper\"><li class=\"themetechmount-contact-address  tm-boldman-icon-location-pin\">Address: 244\/29 Hu\u1ef3nh V\u0103n B\u00e1nh, Ph\u01b0\u1eddng Ph\u00fa Nhu\u1eadn, Th\u00e0nh ph\u1ed1 H\u1ed3 Ch\u00ed Minh, Vi\u1ec7t Nam<\/li><li class=\"themetechmount-contact-phonenumber tm-boldman-icon-mobile\">1900 633 627<\/li><li class=\"themetechmount-contact-email tm-boldman-icon-comment-1\"><a href=\"mailto:support@letmecare.vn\">support@letmecare.vn<\/a><\/li><li class=\"themetechmount-contact-website tm-boldman-icon-world\"><a href=\"https:\/\/letmecare.vn\">https:\/\/letmecare.vn<\/a><\/li><\/ul>[vc_column_text css=&#8221;.vc_custom_1550057559191{padding-top: 7px !important;}&#8221;]<div class=\"themetechmount-social-links-wrapper\"><ul class=\"social-icons\"><li class=\"tm-social-facebook\"><a class=\" tooltip-top\" target=\"_blank\" href=\"https:\/\/www.facebook.com\/housecareapp\" data-tooltip=\"Facebook\"><i class=\"tm-boldman-icon-facebook\"><\/i><\/a><\/li>\n<li class=\"tm-social-twitter\"><a class=\" tooltip-top\" target=\"_blank\" href=\"#\" data-tooltip=\"Twitter\"><i class=\"tm-boldman-icon-twitter\"><\/i><\/a><\/li>\n<li class=\"tm-social-flickr\"><a class=\" tooltip-top\" target=\"_blank\" href=\"#\" data-tooltip=\"Flickr\"><i class=\"tm-boldman-icon-flickr\"><\/i><\/a><\/li>\n<li class=\"tm-social-linkedin\"><a class=\" tooltip-top\" target=\"_blank\" href=\"https:\/\/www.linkedin.com\/company\/68240423\/admin\/\" data-tooltip=\"LinkedIn\"><i class=\"tm-boldman-icon-linkedin\"><\/i><\/a><\/li>\n<\/ul><\/div>[\/vc_column_text][\/vc_column_inner][\/vc_row_inner][\/vc_column][\/vc_row]<\/p>\n","protected":false},"excerpt":{"rendered":"<p>[vc_row tm_bgimagefixed=&#8221;&#8221; full_width=&#8221;stretch_row_content&#8221; css=&#8221;.vc_custom_1549254717163{padding-top: 0px !important;padding-bottom: 0px !important;}&#8221;][vc_column css=&#8221;.vc_custom_1549254413433{padding-right: 0px !important;padding-left: 0px !important;}&#8221;][vc_gmaps link=&#8221;#E-8_JTNDaWZyYW1lJTIwc3JjJTNEJTIyaHR0cHMlM0ElMkYlMkZ3d3cuZ29vZ2xlLmNvbSUyRm1hcHMlMkZlbWJlZCUzRnBiJTNEJTIxMW0xOCUyMTFtMTIlMjExbTMlMjExZDM5MTkuMjU1NzU5MDAzNDA4JTIxMmQxMDYuNjczNjgyMjc0NzUzNCUyMTNkMTAuNzkxNzEzMDU4OTEyMTUxJTIxMm0zJTIxMWYwJTIxMmYwJTIxM2YwJTIxM20yJTIxMWkxMDI0JTIxMmk3NjglMjE0ZjEzLjElMjEzbTMlMjExbTIlMjExczB4MzE3NTI5MmFhMTkzZmI1MyUyNTNBMHgzYTE0ZTlhM2YzZGE4YTYlMjEyek1qSTBJRWgxNGJ1emJtZ2dWc1NEYmlCQ3c2RnVhQ3dnVUdqR3NPRzduVzVuSURFeExDQlFhTU82SUU1b2RlRzZyVzRzSUZSb3c2QnVhQ0J3YU9HN2tTQkk0YnVUSUVOb3c2MGdUV2x1YUNBM01EQXdNREFzSUZacFpYUnVZVzAlMjE1ZTAlMjEzbTIlMjExc2VuJTIxMnMlMjE0djE3Njc1OTYyMTI5NTclMjE1bTIlMjExc2VuJTIxMnMlMjIlMjB3aWR0aCUzRCUyMjYwMCUyMiUyMGhlaWdodCUzRCUyMjQ1MCUyMiUyMHN0eWxlJTNEJTIyYm9yZGVyJTNBMCUzQiUyMiUyMGFsbG93ZnVsbHNjcmVlbiUzRCUyMiUyMiUyMGxvYWRpbmclM0QlMjJsYXp5JTIyJTIwcmVmZXJyZXJwb2xpY3klM0QlMjJuby1yZWZlcnJlci13aGVuLWRvd25ncmFkZSUyMiUzRSUzQyUyRmlmcmFtZSUzRQ==&#8221;][\/vc_column][\/vc_row][vc_row tm_bgimagefixed=&#8221;&#8221; full_width=&#8221;stretch_row&#8221; css=&#8221;.vc_custom_1550063964251{padding-top: 65px !important;padding-bottom: 155px !important;}&#8221; tm_responsive_css=&#8221;55639100|colbreak_no|||||||||colbreak_no|||||25px||115px||colbreak_no||||||||||colbreak_no|||||||||&#8221;][vc_column width=&#8221;7\/12&#8243; css=&#8221;.vc_custom_1550064056914{padding-right: 60px !important;}&#8221; tm_responsive_css=&#8221;63016091|colbreak_no|||||||||colbreak_no|||||||||colbreak_no||||||15px|40px|||colbreak_no|||||||||&#8221;][vc_row_inner][vc_column_inner][\/vc_column_inner][\/vc_row_inner][\/vc_column][vc_column tm_bgcolor=&#8221;white&#8221; tm_shadow=&#8221;yes&#8221; width=&#8221;5\/12&#8243; el_class=&#8221;tm-rounded-shadow-box&#8221;][vc_row_inner css=&#8221;.vc_custom_1550064129482{padding-top: 40px !important;padding-right: 50px !important;padding-bottom: 20px !important;padding-left: 50px !important;}&#8221; tm_responsive_css=&#8221;77368950|colbreak_no|||||||||colbreak_no|||||||||colbreak_no|||||25px|20px|5px|20px||colbreak_no|||||||||&#8221;][vc_column_inner][vc_column_text css=&#8221;.vc_custom_1550057559191{padding-top: 7px !important;}&#8221;][\/vc_column_text][\/vc_column_inner][\/vc_row_inner][\/vc_column][\/vc_row]<\/p>\n","protected":false},"author":5,"featured_media":0,"parent":0,"menu_order":13,"comment_status":"closed","ping_status":"closed","template":"","meta":{"footnotes":""},"class_list":["post-562","page","type-page","status-publish","hentry"],"_links":{"self":[{"href":"https:\/\/letmecare.vn\/index.php\/wp-json\/wp\/v2\/pages\/562","targetHints":{"allow":["GET"]}}],"collection":[{"href":"https:\/\/letmecare.vn\/index.php\/wp-json\/wp\/v2\/pages"}],"about":[{"href":"https:\/\/letmecare.vn\/index.php\/wp-json\/wp\/v2\/types\/page"}],"author":[{"embeddable":true,"href":"https:\/\/letmecare.vn\/index.php\/wp-json\/wp\/v2\/users\/5"}],"replies":[{"embeddable":true,"href":"https:\/\/letmecare.vn\/index.php\/wp-json\/wp\/v2\/comments?post=562"}],"version-history":[{"count":8,"href":"https:\/\/letmecare.vn\/index.php\/wp-json\/wp\/v2\/pages\/562\/revisions"}],"predecessor-version":[{"id":4376,"href":"https:\/\/letmecare.vn\/index.php\/wp-json\/wp\/v2\/pages\/562\/revisions\/4376"}],"wp:attachment":[{"href":"https:\/\/letmecare.vn\/index.php\/wp-json\/wp\/v2\/media?parent=562"}],"curies":[{"name":"wp","href":"https:\/\/api.w.org\/{rel}","templated":true}]}}